{"id":36728,"date":"2015-11-13T19:06:49","date_gmt":"2015-11-13T18:06:49","guid":{"rendered":"http:\/\/ferrovieappulolucane.it\/?page_id=36728"},"modified":"2015-11-13T19:06:49","modified_gmt":"2015-11-13T18:06:49","slug":"informativa-sulluso-dei-cookie","status":"publish","type":"page","link":"https:\/\/ferrovieappulolucane.it\/en\/informativa-sulluso-dei-cookie\/","title":{"rendered":"Informativa sull&#8217;uso dei cookie"},"content":{"rendered":"<h1>Informativa sull\u2019uso dei cookie<\/h1>\n<div>\n<p>Ferrovie Appulo Lucane utilizza cookie e tecnologie simili per garantire il corretto funzionamento delle procedure e migliorare l\u2019esperienza di uso delle applicazioni online. Il presente documento fornisce informazioni dettagliate sull\u2019uso dei cookie e di tecnologie similari, su come sono utilizzati dal sito e su come gestirli.<\/p>\n<h2>Definizioni<\/h2>\n<p>I cookie sono brevi frammenti di testo (lettere e\/o numeri) che permettono al server web di memorizzare sul client (il\u00a0<em>browser<\/em>) informazioni da riutilizzare nel corso della medesima visita al sito (cookie di sessione) o in seguito, anche a distanza di giorni (cookie persistenti). I cookie vengono memorizzati, in base alle preferenze dell\u2019utente, dal singolo\u00a0<em>browser<\/em>\u00a0sullo specifico dispositivo utilizzato (computer, tablet, smartphone).<\/p>\n<p>Tecnologie similari, come, ad esempio, web beacon, GIF trasparenti e tutte le forme di\u00a0<em>storage\u00a0<\/em>locale introdotte con HTML5, sono utilizzabili per raccogliere informazioni sul comportamento dell\u2019utente e sull\u2019utilizzo dei servizi.<\/p>\n<p>Nel seguito di questo documento faremo riferimento ai cookie e a tutte le tecnologie similari utilizzando semplicemente il termine \u201ccookie\u201d.<\/p>\n<h2>Tipologie di cookie<\/h2>\n<p>In base alle caratteristiche e all\u2019utilizzo dei cookie possiamo distinguere diverse categorie:<\/p>\n<ul>\n<li>Cookie strettamente necessari. Si tratta di cookie indispensabili per il corretto funzionamento del sito e sono utilizzati per gestire il login e l\u2019accesso alle funzioni riservate del sito. La durata dei cookie \u00e8 strettamente limitata alla sessione di lavoro (chiuso il\u00a0<em>browser<\/em>\u00a0vengono cancellati). La loro disattivazione compromette l\u2019utilizzo dei servizi accessibili da\u00a0<em>login<\/em>. La parte pubblica resta normalmente utilizzabile.<\/li>\n<li>Cookie di analisi e prestazioni. Sono cookie utilizzati per raccogliere e analizzare il traffico e l\u2019utilizzo del sito in modo anonimo. Questi cookie, pur senza identificare l\u2019utente, consentono, per esempio, di rilevare se il medesimo utente torna a collegarsi in momenti diversi. Permettono inoltre di monitorare il sistema e migliorarne le prestazioni e l\u2019usabilit\u00e0. La disattivazione di tali cookie pu\u00f2 essere eseguita senza alcuna perdita di funzionalit\u00e0.<\/li>\n<li>Cookie di profilazione. Si tratta di cookie permanenti utilizzati per identificare (in modo anonimo e non) le preferenze dell\u2019utente e migliorare la sua esperienza di navigazione. Ferrovie Appulo Lucane non utilizza cookie di questo tipo.<\/li>\n<\/ul>\n<h2>Cookie di terze parti<\/h2>\n<p>Visitando un sito web si possono ricevere cookie sia dal sito visitato (\u201cproprietari\u201d), sia da siti gestiti da altre organizzazioni (\u201cterze parti\u201d). Un esempio notevole \u00e8 rappresentato dalla presenza dei \u201csocial plugin\u201d per Facebook e Youtube. Si tratta di parti della pagina visitata generate direttamente dai suddetti siti ed integrati nella pagina del sito ospitante. L\u2019utilizzo pi\u00f9 comune dei\u00a0<em>social plugin<\/em>\u00a0\u00e8 finalizzato alla condivisione dei contenuti sui social network.<\/p>\n<p>La presenza di questi\u00a0<em>plugin<\/em>\u00a0comporta la trasmissione di cookie da e verso tutti i siti gestiti da terze parti. La gestione delle informazioni raccolte da \u201cterze parti\u201d \u00e8 \u00a0disciplinata dalle relative informative cui si prega di fare riferimento. Per garantire una maggiore trasparenza e comodit\u00e0, si riportano qui di seguito \u00a0gli indirizzi web delle diverse informative e delle modalit\u00e0 per la gestione dei cookie.<\/p>\n<p>Facebook informativa:\u00a0<a href=\"https:\/\/www.facebook.com\/help\/cookies\/\" aria-expanded=\"false\">https:\/\/www.facebook.com\/help\/cookies\/<\/a><\/p>\n<p><span style=\"line-height: 1.5em;\">Youtube informativa:\u00a0<\/span><a style=\"line-height: 1.5em;\" href=\"https:\/\/www.google.com\/policies\/technologies\/cookies\/\" aria-expanded=\"false\">https:\/\/www.google.com\/policies\/technologies\/cookies\/<\/a><\/p>\n<p>\u00a0<\/p>\n<h3>Google Analytics<\/h3>\n<p>Ferrovie Appulo Lucane include alcune componenti trasmesse da Google Analytics, un servizio di analisi del traffico web fornito da Google, Inc. (\u201cGoogle\u201d). Anche in questo caso si tratta di cookie di terze parti raccolti e gestiti in modo anonimo per monitorare e migliorare le prestazioni del sito ospite (performance cookie).<\/p>\n<p>Google Analytics utilizza i \u201ccookie\u201d \u00a0per raccogliere e analizzare in forma anonima le informazioni sui comportamenti di utilizzo del sito www.ferrovieappulolucane.it (compreso l\u2019indirizzo IP dell\u2019utente). Tali informazioni vengono raccolte da Google Analytics, che le elabora allo scopo di redigere report riguardanti le attivit\u00e0 sui siti web stessi. Questo sito non utilizza (e non consente a terzi di utilizzare) lo strumento di analisi di Google per monitorare o per raccogliere informazioni personali di identificazione. Google non associa l\u2019indirizzo IP a nessun altro dato posseduto da Google n\u00e9 cerca di collegare un indirizzo IP con l\u2019identit\u00e0 di un utente. Google pu\u00f2 anche comunicare queste informazioni a terzi ove ci\u00f2 sia imposto dalla legge o laddove tali terzi trattino le suddette informazioni per conto di Google.<\/p>\n<p>Per ulteriori informazioni, si rinvia al link di seguito indicato:<\/p>\n<p><a href=\"https:\/\/www.google.it\/policies\/privacy\/partners\/\" aria-expanded=\"false\">https:\/\/www.google.it\/policies\/privacy\/partners\/<\/a><\/p>\n<p>L\u2019utente pu\u00f2 disabilitare in modo selettivo l\u2019azione di Google Analytics installando sul proprio\u00a0<em>browser<\/em>\u00a0la componente di\u00a0<em>opt-out<\/em>\u00a0fornito da Google. Per disabilitare l\u2019azione di Google Analytics, si rinvia al link di seguito indicato:<\/p>\n<p><a href=\"https:\/\/tools.google.com\/dlpage\/gaoptout\" aria-expanded=\"false\">https:\/\/tools.google.com\/dlpage\/gaoptout<\/a><\/p>\n<h2>Durata dei cookie<\/h2>\n<p>Alcuni cookie (cookie di sessione) restano attivi solo fino alla chiusura del\u00a0<em>browser<\/em>\u00a0o all\u2019esecuzione del comando di\u00a0<em>logout<\/em>. Altri cookie \u201csopravvivono\u201d alla chiusura del\u00a0<em>browser<\/em>\u00a0e sono disponibili anche in successive visite dell\u2019utente.<\/p>\n<p>Questi cookie sono detti persistenti e la loro durata \u00e8 fissata dal server al momento della loro creazione. In alcuni casi \u00e8 fissata una scadenza, in altri casi la durata \u00e8 illimitata.\u00a0Il sito delle Ferrovie Appulo Lucane non fa uso di cookie persistenti.<\/p>\n<h2>Gestione dei cookie<\/h2>\n<p>L\u2019utente pu\u00f2 decidere se accettare o meno i cookie utilizzando le impostazioni del proprio\u00a0<em>browser<\/em>.<\/p>\n<p>Attenzione: la disabilitazione totale o parziale dei cookie tecnici pu\u00f2 compromettere l\u2019utilizzo delle funzionalit\u00e0 del sito riservate agli utenti registrati. Al contrario, la fruibilit\u00e0 dei contenuti pubblici \u00e8 possibile anche disabilitando completamente i cookie.<\/p>\n<p>La disabilitazione dei cookie \u201cterze parti\u201d non pregiudica in alcun modo la navigabilit\u00e0.<\/p>\n<p>L\u2019impostazione pu\u00f2 essere definita in modo specifico per i diversi siti e applicazioni web. Inoltre i migliori\u00a0<em>browser<\/em>\u00a0consentono di definire impostazioni diverse per i cookie \u201cproprietari\u201d e per quelli di \u201cterze parti\u201d.<\/p>\n<p><span style=\"line-height: 1.5em;\">Chrome:\u00a0<\/span><a style=\"line-height: 1.5em;\" href=\"https:\/\/support.google.com\/chrome\/answer\/95647?hl=it\" aria-expanded=\"false\">https:\/\/support.google.com\/chrome\/answer\/95647?hl=it<\/a><\/p>\n<p>Firefox:\u00a0<a href=\"https:\/\/support.mozilla.org\/it\/kb\/Gestione%20dei%20cookie\" aria-expanded=\"false\">https:\/\/support.mozilla.org\/it\/kb\/Gestione%20dei%20cookie<\/a><\/p>\n<p>Internet Explorer:\u00a0<a href=\"http:\/\/windows.microsoft.com\/it-it\/windows7\/how-to-manage-cookies-in-internet-explorer-9\" aria-expanded=\"false\">http:\/\/windows.microsoft.com\/it-it\/windows7\/how-to-manage-cookies-in-internet-explorer-9<\/a><\/p>\n<p>Opera:\u00a0<a href=\"http:\/\/help.opera.com\/Windows\/10.00\/it\/cookies.html\" aria-expanded=\"false\">http:\/\/help.opera.com\/Windows\/10.00\/it\/cookies.html<\/a><\/p>\n<p>Safari:\u00a0<a href=\"http:\/\/support.apple.com\/kb\/HT1677?viewlocale=it_IT\" aria-expanded=\"false\">http:\/\/support.apple.com\/kb\/HT1677?viewlocale=it_IT<\/a><\/p>\n<\/div>\n","protected":false},"excerpt":{"rendered":"<p>Informativa sull\u2019uso dei cookie Ferrovie Appulo Lucane utilizza cookie e tecnologie simili per garantire il corretto funzionamento delle procedure e [&hellip;]<\/p>\n","protected":false},"author":1,"featured_media":0,"parent":0,"menu_order":0,"comment_status":"closed","ping_status":"closed","template":"","meta":{"footnotes":""},"class_list":["post-36728","page","type-page","status-publish","hentry"],"yoast_head":"<title>Informativa sull&#039;uso dei cookie - Ferrovie Appulo Lucane<\/title>\n<meta name=\"robots\" content=\"index, follow, max-snippet:-1, max-image-preview:large, max-video-preview:-1\" \/>\n<link rel=\"canonical\" href=\"https:\/\/ferrovieappulolucane.it\/en\/informativa-sulluso-dei-cookie\/\" \/>\n<meta property=\"og:locale\" content=\"en_US\" \/>\n<meta property=\"og:type\" content=\"article\" \/>\n<meta property=\"og:title\" content=\"Informativa sull&#039;uso dei cookie - Ferrovie Appulo Lucane\" \/>\n<meta property=\"og:description\" content=\"Informativa sull\u2019uso dei cookie Ferrovie Appulo Lucane utilizza cookie e tecnologie simili per garantire il corretto funzionamento delle procedure e [&hellip;]\" \/>\n<meta property=\"og:url\" content=\"https:\/\/ferrovieappulolucane.it\/en\/informativa-sulluso-dei-cookie\/\" \/>\n<meta property=\"og:site_name\" content=\"Ferrovie Appulo Lucane\" \/>\n<meta property=\"article:publisher\" content=\"https:\/\/www.facebook.com\/ferrovie.appulolucane\/\" \/>\n<meta name=\"twitter:card\" content=\"summary_large_image\" \/>\n<meta name=\"twitter:label1\" content=\"Est. reading time\" \/>\n\t<meta name=\"twitter:data1\" content=\"5 minutes\" \/>\n<script type=\"application\/ld+json\" class=\"yoast-schema-graph\">{\"@context\":\"https:\/\/schema.org\",\"@graph\":[{\"@type\":\"WebPage\",\"@id\":\"https:\/\/ferrovieappulolucane.it\/en\/informativa-sulluso-dei-cookie\/\",\"url\":\"https:\/\/ferrovieappulolucane.it\/en\/informativa-sulluso-dei-cookie\/\",\"name\":\"Informativa sull'uso dei cookie - Ferrovie Appulo Lucane\",\"isPartOf\":{\"@id\":\"https:\/\/ferrovieappulolucane.it\/#website\"},\"datePublished\":\"2015-11-13T18:06:49+00:00\",\"breadcrumb\":{\"@id\":\"https:\/\/ferrovieappulolucane.it\/en\/informativa-sulluso-dei-cookie\/#breadcrumb\"},\"inLanguage\":\"en-US\",\"potentialAction\":[{\"@type\":\"ReadAction\",\"target\":[\"https:\/\/ferrovieappulolucane.it\/en\/informativa-sulluso-dei-cookie\/\"]}]},{\"@type\":\"BreadcrumbList\",\"@id\":\"https:\/\/ferrovieappulolucane.it\/en\/informativa-sulluso-dei-cookie\/#breadcrumb\",\"itemListElement\":[{\"@type\":\"ListItem\",\"position\":1,\"name\":\"Home\",\"item\":\"https:\/\/ferrovieappulolucane.it\/\"},{\"@type\":\"ListItem\",\"position\":2,\"name\":\"Informativa sull&#8217;uso dei cookie\"}]},{\"@type\":\"WebSite\",\"@id\":\"https:\/\/ferrovieappulolucane.it\/#website\",\"url\":\"https:\/\/ferrovieappulolucane.it\/\",\"name\":\"Ferrovie Appulo Lucane\",\"description\":\"Sito ufficiale\",\"publisher\":{\"@id\":\"https:\/\/ferrovieappulolucane.it\/#organization\"},\"potentialAction\":[{\"@type\":\"SearchAction\",\"target\":{\"@type\":\"EntryPoint\",\"urlTemplate\":\"https:\/\/ferrovieappulolucane.it\/?s={search_term_string}\"},\"query-input\":{\"@type\":\"PropertyValueSpecification\",\"valueRequired\":true,\"valueName\":\"search_term_string\"}}],\"inLanguage\":\"en-US\"},{\"@type\":\"Organization\",\"@id\":\"https:\/\/ferrovieappulolucane.it\/#organization\",\"name\":\"Ferrovie Appulo Lucane\",\"url\":\"https:\/\/ferrovieappulolucane.it\/\",\"logo\":{\"@type\":\"ImageObject\",\"inLanguage\":\"en-US\",\"@id\":\"https:\/\/ferrovieappulolucane.it\/#\/schema\/logo\/image\/\",\"url\":\"https:\/\/ferrovieappulolucane.it\/wp-content\/uploads\/2024\/10\/logo-fal.png\",\"contentUrl\":\"https:\/\/ferrovieappulolucane.it\/wp-content\/uploads\/2024\/10\/logo-fal.png\",\"width\":207,\"height\":95,\"caption\":\"Ferrovie Appulo Lucane\"},\"image\":{\"@id\":\"https:\/\/ferrovieappulolucane.it\/#\/schema\/logo\/image\/\"},\"sameAs\":[\"https:\/\/www.facebook.com\/ferrovie.appulolucane\/\",\"https:\/\/www.youtube.com\/channel\/UCks_n3GFNxv6Kg5Qk8f-HHA\"]}]}<\/script>","yoast_head_json":{"title":"Informativa sull'uso dei cookie - Ferrovie Appulo Lucane","robots":{"index":"index","follow":"follow","max-snippet":"max-snippet:-1","max-image-preview":"max-image-preview:large","max-video-preview":"max-video-preview:-1"},"canonical":"https:\/\/ferrovieappulolucane.it\/en\/informativa-sulluso-dei-cookie\/","og_locale":"en_US","og_type":"article","og_title":"Informativa sull'uso dei cookie - Ferrovie Appulo Lucane","og_description":"Informativa sull\u2019uso dei cookie Ferrovie Appulo Lucane utilizza cookie e tecnologie simili per garantire il corretto funzionamento delle procedure e [&hellip;]","og_url":"https:\/\/ferrovieappulolucane.it\/en\/informativa-sulluso-dei-cookie\/","og_site_name":"Ferrovie Appulo Lucane","article_publisher":"https:\/\/www.facebook.com\/ferrovie.appulolucane\/","twitter_card":"summary_large_image","twitter_misc":{"Est. reading time":"5 minutes"},"schema":{"@context":"https:\/\/schema.org","@graph":[{"@type":"WebPage","@id":"https:\/\/ferrovieappulolucane.it\/en\/informativa-sulluso-dei-cookie\/","url":"https:\/\/ferrovieappulolucane.it\/en\/informativa-sulluso-dei-cookie\/","name":"Informativa sull'uso dei cookie - Ferrovie Appulo Lucane","isPartOf":{"@id":"https:\/\/ferrovieappulolucane.it\/#website"},"datePublished":"2015-11-13T18:06:49+00:00","breadcrumb":{"@id":"https:\/\/ferrovieappulolucane.it\/en\/informativa-sulluso-dei-cookie\/#breadcrumb"},"inLanguage":"en-US","potentialAction":[{"@type":"ReadAction","target":["https:\/\/ferrovieappulolucane.it\/en\/informativa-sulluso-dei-cookie\/"]}]},{"@type":"BreadcrumbList","@id":"https:\/\/ferrovieappulolucane.it\/en\/informativa-sulluso-dei-cookie\/#breadcrumb","itemListElement":[{"@type":"ListItem","position":1,"name":"Home","item":"https:\/\/ferrovieappulolucane.it\/"},{"@type":"ListItem","position":2,"name":"Informativa sull&#8217;uso dei cookie"}]},{"@type":"WebSite","@id":"https:\/\/ferrovieappulolucane.it\/#website","url":"https:\/\/ferrovieappulolucane.it\/","name":"Ferrovie Appulo Lucane","description":"Sito ufficiale","publisher":{"@id":"https:\/\/ferrovieappulolucane.it\/#organization"},"potentialAction":[{"@type":"SearchAction","target":{"@type":"EntryPoint","urlTemplate":"https:\/\/ferrovieappulolucane.it\/?s={search_term_string}"},"query-input":{"@type":"PropertyValueSpecification","valueRequired":true,"valueName":"search_term_string"}}],"inLanguage":"en-US"},{"@type":"Organization","@id":"https:\/\/ferrovieappulolucane.it\/#organization","name":"Ferrovie Appulo Lucane","url":"https:\/\/ferrovieappulolucane.it\/","logo":{"@type":"ImageObject","inLanguage":"en-US","@id":"https:\/\/ferrovieappulolucane.it\/#\/schema\/logo\/image\/","url":"https:\/\/ferrovieappulolucane.it\/wp-content\/uploads\/2024\/10\/logo-fal.png","contentUrl":"https:\/\/ferrovieappulolucane.it\/wp-content\/uploads\/2024\/10\/logo-fal.png","width":207,"height":95,"caption":"Ferrovie Appulo Lucane"},"image":{"@id":"https:\/\/ferrovieappulolucane.it\/#\/schema\/logo\/image\/"},"sameAs":["https:\/\/www.facebook.com\/ferrovie.appulolucane\/","https:\/\/www.youtube.com\/channel\/UCks_n3GFNxv6Kg5Qk8f-HHA"]}]}},"publishpress_future_action":{"enabled":false,"date":"2026-04-24 20:18:25","action":"change-status","newStatus":"draft","terms":[],"taxonomy":"translation_priority","extraData":[]},"publishpress_future_workflow_manual_trigger":{"enabledWorkflows":[]},"_links":{"self":[{"href":"https:\/\/ferrovieappulolucane.it\/en\/wp-json\/wp\/v2\/pages\/36728","targetHints":{"allow":["GET"]}}],"collection":[{"href":"https:\/\/ferrovieappulolucane.it\/en\/wp-json\/wp\/v2\/pages"}],"about":[{"href":"https:\/\/ferrovieappulolucane.it\/en\/wp-json\/wp\/v2\/types\/page"}],"author":[{"embeddable":true,"href":"https:\/\/ferrovieappulolucane.it\/en\/wp-json\/wp\/v2\/users\/1"}],"replies":[{"embeddable":true,"href":"https:\/\/ferrovieappulolucane.it\/en\/wp-json\/wp\/v2\/comments?post=36728"}],"version-history":[{"count":0,"href":"https:\/\/ferrovieappulolucane.it\/en\/wp-json\/wp\/v2\/pages\/36728\/revisions"}],"wp:attachment":[{"href":"https:\/\/ferrovieappulolucane.it\/en\/wp-json\/wp\/v2\/media?parent=36728"}],"curies":[{"name":"wp","href":"https:\/\/api.w.org\/{rel}","templated":true}]}}